{"id":422,"date":"2015-08-20T16:51:40","date_gmt":"2015-08-20T15:51:40","guid":{"rendered":"http:\/\/ateliers.nomades.ch\/~megevent\/wordpress_2015\/?page_id=422"},"modified":"2023-07-10T09:43:01","modified_gmt":"2023-07-10T08:43:01","slug":"les-tarifs","status":"publish","type":"page","link":"https:\/\/www.easywake.ch\/?page_id=422","title":{"rendered":"Tarifs"},"content":{"rendered":"<div class='content-column one_half'><strong> Les tarifs de la saison 2023 <em>Super Air Nautique 210<\/em>.<\/strong><br \/>\n&#8211; La cotisation du nouveau membre et l&rsquo;inscription \u00e0 la f\u00e9d\u00e9ration se monte \u00e0 CHF 25o.- par ann\u00e9e.<\/p>\n<p><strong>Prix \u00e0 la minute:<\/strong><\/p>\n<p>&#8211; Membres CHF 3.33 \/ minute;<\/p>\n<p>&#8211; Non membres CHF 6.50 \/ minute.<\/p>\n<p><strong>Forfait d\u00e9couverte (max 2 pers.):<\/strong><\/p>\n<p>&#8211; Carte \u00e0 100.- correspondant \u00e0 18 minutes de traction;<\/p>\n<p>&#8211; Carte \u00e0 200.- correspondant \u00e0 44 minutes de traction.<\/p>\n<p><strong>Location bateau avec pilote:<\/strong><\/p>\n<p>&#8211; Location du bateau \u00e0 l&rsquo;heure: CHF 350.- \/ heure;<\/p>\n<p>&#8211; Location du bateau pour 4h:&nbsp; CHF 1250.-.<\/p>\n<p><em>(accompagnement CHF 5.- par personne)<\/em><\/p>\n<p>&nbsp;<\/p>\n<p>&nbsp;<\/p>\n<p><strong>Tarifs avec le <em>Super Air Nautique G23 + <\/em>10%<em><br \/>\n<\/em><\/strong><\/p><\/div>\n","protected":false},"excerpt":{"rendered":"","protected":false},"author":1,"featured_media":0,"parent":0,"menu_order":0,"comment_status":"open","ping_status":"open","template":"page_personnalise_V3.php","meta":{"footnotes":""},"class_list":["post-422","page","type-page","status-publish","hentry"],"_links":{"self":[{"href":"https:\/\/www.easywake.ch\/index.php?rest_route=\/wp\/v2\/pages\/422","targetHints":{"allow":["GET"]}}],"collection":[{"href":"https:\/\/www.easywake.ch\/index.php?rest_route=\/wp\/v2\/pages"}],"about":[{"href":"https:\/\/www.easywake.ch\/index.php?rest_route=\/wp\/v2\/types\/page"}],"author":[{"embeddable":true,"href":"https:\/\/www.easywake.ch\/index.php?rest_route=\/wp\/v2\/users\/1"}],"replies":[{"embeddable":true,"href":"https:\/\/www.easywake.ch\/index.php?rest_route=%2Fwp%2Fv2%2Fcomments&post=422"}],"version-history":[{"count":30,"href":"https:\/\/www.easywake.ch\/index.php?rest_route=\/wp\/v2\/pages\/422\/revisions"}],"predecessor-version":[{"id":1006,"href":"https:\/\/www.easywake.ch\/index.php?rest_route=\/wp\/v2\/pages\/422\/revisions\/1006"}],"wp:attachment":[{"href":"https:\/\/www.easywake.ch\/index.php?rest_route=%2Fwp%2Fv2%2Fmedia&parent=422"}],"curies":[{"name":"wp","href":"https:\/\/api.w.org\/{rel}","templated":true}]}}