{"id":436,"date":"2015-08-21T09:09:49","date_gmt":"2015-08-21T08:09:49","guid":{"rendered":"http:\/\/ateliers.nomades.ch\/~megevent\/wordpress_2015\/?page_id=436"},"modified":"2019-05-16T10:08:52","modified_gmt":"2019-05-16T09:08:52","slug":"436-2","status":"publish","type":"page","link":"https:\/\/www.easywake.ch\/?page_id=436","title":{"rendered":"R\u00e8gles"},"content":{"rendered":"<div class='content-column one_half'><div class=\"reglement\">\n<h3>R\u00e8glement de l\u2019association Easy Wake<\/h3>\n<p><strong>Art. 1:&nbsp;&nbsp; A QUI S\u2019ADRESSE CE R\u00c8GLEMENT<\/strong><br \/>\nA toute personne d\u00e9sirant se faire prendre en charge par le bateau du club <strong>Easy Wake<\/strong> pour pratiquer l\u2019un des sports nautiques cit\u00e9s sous l\u2019article 2. Toute personne montant \u00e0 bord du bateau est tenue de se conformer aux directives de ce pr\u00e9sent document.<\/p>\n<p>&nbsp;<\/p>\n<p><strong>Art. 2:&nbsp;&nbsp; SPORTS NAUTIQUES<\/strong><br \/>\nSont consid\u00e9r\u00e9s comme sports nautiques les disciplines suivantes : wakeboard, wakeskate, wakesurf (landlock), ski nautique, bou\u00e9e. Tout autre objet glissant sera accept\u00e9 sous r\u00e9serve du danger qu\u2019il repr\u00e9sente.<\/p>\n<p>&nbsp;<\/p>\n<p><strong>Art. 3:&nbsp;&nbsp; DROITS ET OBLIGATIONS DU PARTICIPANT<\/strong><br \/>\nLe \u00abrider\u00bb est tenu de respecter les consignes donn\u00e9es par le capitaine du bateau. Le capitaine est la personne qui pilote le bateau et non l\u2019accompagnant ou autre personne \u00e0 bord. Le port du gilet est obligatoire.<\/p>\n<p>&nbsp;<\/p>\n<p><strong>Art. 4:&nbsp;&nbsp; DROITS ET OBLIGATIONS DU PILOTE ET DU CLUB<\/strong><br \/>\nLe pilote et le club s\u2019engagent \u00e0 honorer les r\u00e9servations des participants sous r\u00e9serve des al\u00e9as de la m\u00e9t\u00e9o.<br \/>\nLe pilote et le club (comit\u00e9) sont tenus de faire appliquer ce pr\u00e9sent r\u00e8glement aux personnes emmen\u00e9es \u00e0 bord.<\/p>\n<p>&nbsp;<\/p>\n<p><strong>Art. 5:&nbsp;&nbsp; COMPORTEMENT EN CAS DE \u00ab&nbsp;RIDE&nbsp;\u00bb<\/strong><br \/>\nAvant tout d\u00e9part pour une \u00absession\u00bb, le \u00abrider\u00bb et le pilote se mettent d\u2019accord au sujet des codes \u00e0 appliquer.<br \/>\nCes codes sont importants, ils signalent au pilote que le \u00abrider\u00bb est sain et sauf apr\u00e8s sa chute et qu\u2019il n\u2019y a pas lieu d\u2019adopter le secours d\u2019urgence appropri\u00e9 du type homme \u00e0 la mer.<\/p>\n<p>&nbsp;<\/p>\n<p><strong>Art. 6:&nbsp;&nbsp; RESPONSABILIT\u00c9S EN CAS D\u2019ACCIDENT<\/strong><br \/>\nTout participant ( rider ou accompagnant ) est tenu d\u2019\u00eatre au b\u00e9n\u00e9fice d\u2019une assurance accident le couvrant pendant la pratique de ce sport.<\/p>\n<p>&nbsp;<\/p>\n<p><strong>Art. 7:&nbsp;&nbsp; ADOPTION ET MODIFICATIONS DU PR\u00c9SENT R\u00c8GLEMENT<\/strong><br \/>\nCe r\u00e8glement est soumis \u00e0 l\u2019approbation du comit\u00e9 uniquement et au complet.<br \/>\nLes membres de tout type ne peuvent en aucun cas en modifier le contenu comme pr\u00e9cis\u00e9 dans les statuts.<br \/>\nDes modifications peuvent y \u00eatre annot\u00e9es en cours de saison. Exception est faite pour les tarifs de \u00abride\u00bb qui eux ne sauront \u00eatre modifi\u00e9s que d\u2019une saison \u00e0 l\u2019autre.<\/p>\n<p>&nbsp;<\/p>\n<p><strong>Art. 8:&nbsp;&nbsp; MAT\u00c9RIEL ET VOL<\/strong><br \/>\nToute personne est responsable de son mat\u00e9riel \u00e0 bord comme \u00e0 terre. Toute perte ou vol n\u2019engage aucunement la responsabilit\u00e9 du club <strong>Easy Wake<\/strong>.<br \/>\nEn outre le capitaine peut recommander et exiger le port de mat\u00e9riel ad\u00e9quat tel que gilet de sauvetage conforme\u2026<\/p>\n<p>&nbsp;<\/p>\n<p><strong>Art. 9:&nbsp;&nbsp; LOCATION ET PR\u00caT DE MAT\u00c9RIEL<\/strong><br \/>\n<strong>Easy Wake<\/strong> Club met du mat\u00e9riel \u00e0 disposition des \u00ab&nbsp;riders&nbsp;\u00bb.<\/p>\n<p>&nbsp;<\/p>\n<p><strong>Art. 10:&nbsp;&nbsp; D\u00c9GRADATIONS<\/strong><br \/>\n<strong>Easy Wake<\/strong> club se r\u00e9serve le droit de facturer les d\u00e9g\u00e2ts occasionn\u00e9s manifestement au bateau et \u00e0 son mat\u00e9riel.<\/p>\n<p>&nbsp;<\/p>\n<p>&nbsp;<\/p>\n<\/div><\/div>\n","protected":false},"excerpt":{"rendered":"","protected":false},"author":1,"featured_media":0,"parent":0,"menu_order":0,"comment_status":"open","ping_status":"open","template":"page_personnalise_V3.php","meta":{"footnotes":""},"class_list":["post-436","page","type-page","status-publish","hentry"],"_links":{"self":[{"href":"https:\/\/www.easywake.ch\/index.php?rest_route=\/wp\/v2\/pages\/436","targetHints":{"allow":["GET"]}}],"collection":[{"href":"https:\/\/www.easywake.ch\/index.php?rest_route=\/wp\/v2\/pages"}],"about":[{"href":"https:\/\/www.easywake.ch\/index.php?rest_route=\/wp\/v2\/types\/page"}],"author":[{"embeddable":true,"href":"https:\/\/www.easywake.ch\/index.php?rest_route=\/wp\/v2\/users\/1"}],"replies":[{"embeddable":true,"href":"https:\/\/www.easywake.ch\/index.php?rest_route=%2Fwp%2Fv2%2Fcomments&post=436"}],"version-history":[{"count":19,"href":"https:\/\/www.easywake.ch\/index.php?rest_route=\/wp\/v2\/pages\/436\/revisions"}],"predecessor-version":[{"id":944,"href":"https:\/\/www.easywake.ch\/index.php?rest_route=\/wp\/v2\/pages\/436\/revisions\/944"}],"wp:attachment":[{"href":"https:\/\/www.easywake.ch\/index.php?rest_route=%2Fwp%2Fv2%2Fmedia&parent=436"}],"curies":[{"name":"wp","href":"https:\/\/api.w.org\/{rel}","templated":true}]}}