{"id":452,"date":"2015-08-21T12:08:36","date_gmt":"2015-08-21T11:08:36","guid":{"rendered":"http:\/\/ateliers.nomades.ch\/~megevent\/wordpress_2015\/?page_id=452"},"modified":"2015-08-23T17:29:28","modified_gmt":"2015-08-23T16:29:28","slug":"photo-de-la-plage-du-reposoir","status":"publish","type":"page","link":"https:\/\/www.easywake.ch\/?page_id=452","title":{"rendered":"Photos &#8211;  Plage du Reposoir"},"content":{"rendered":"<div id=\"metaslider-id-454\" style=\"max-width: 950px;\" class=\"ml-slider-3-99-0 metaslider metaslider-flex metaslider-454 ml-slider ms-theme-default\" role=\"region\" aria-label=\"reposoir\" data-width=\"950\">\n    <div id=\"metaslider_container_454\">\n        <div id=\"metaslider_454\">\n            <ul class='slides'>\n                <li style=\"display: block; width: 100%;\" class=\"slide-378 ms-image \" aria-roledescription=\"slide\" data-date=\"2015-08-20 13:49:34\"><img loading=\"lazy\" decoding=\"async\" src=\"https:\/\/www.easywake.ch\/wp-content\/uploads\/2015\/08\/IMG_6020_LR-802x676.jpg\" height=\"800\" width=\"950\" alt=\"Mont-Blanc\" class=\"slider-454 slide-378 msDefaultImage\" \/><div class=\"caption-wrap\"><div class=\"caption\">La Neptune et le Mont-Blanc - \u00a9 MEGEVENT Michel<\/div><\/div><\/li>\n                <li style=\"display: none; width: 100%;\" class=\"slide-372 ms-image \" aria-roledescription=\"slide\" data-date=\"2015-08-20 13:49:26\"><img loading=\"lazy\" decoding=\"async\" src=\"https:\/\/www.easywake.ch\/wp-content\/uploads\/2015\/08\/DSC_1921-950x800.jpg\" height=\"800\" width=\"950\" alt=\"\" class=\"slider-454 slide-372 msDefaultImage\" \/><\/li>\n                <li style=\"display: none; width: 100%;\" class=\"slide-332 ms-image \" aria-roledescription=\"slide\" data-date=\"2015-08-20 13:48:13\"><img loading=\"lazy\" decoding=\"async\" src=\"https:\/\/www.easywake.ch\/wp-content\/uploads\/2015\/08\/DSC_1847-950x800.jpg\" height=\"800\" width=\"950\" alt=\"\" class=\"slider-454 slide-332 msDefaultImage\" \/><\/li>\n                <li style=\"display: none; width: 100%;\" class=\"slide-311 ms-image \" aria-roledescription=\"slide\" data-date=\"2015-08-20 13:47:21\"><img loading=\"lazy\" decoding=\"async\" src=\"https:\/\/www.easywake.ch\/wp-content\/uploads\/2015\/08\/DSC_1759-950x800.jpg\" height=\"800\" width=\"950\" alt=\"\" class=\"slider-454 slide-311 msDefaultImage\" \/><div class=\"caption-wrap\"><div class=\"caption\">Easywake, \u00e0 la plage Reposoir \u00e0 Gen\u00e8ve<\/div><\/div><\/li>\n                <li style=\"display: none; width: 100%;\" class=\"slide-316 ms-image \" aria-roledescription=\"slide\" data-date=\"2015-08-20 13:47:37\"><img loading=\"lazy\" decoding=\"async\" src=\"https:\/\/www.easywake.ch\/wp-content\/uploads\/2015\/08\/IMG_0744-950x800.jpg\" height=\"800\" width=\"950\" alt=\"\" class=\"slider-454 slide-316 msDefaultImage\" \/><\/li>\n                <li style=\"display: none; width: 100%;\" class=\"slide-338 ms-image \" aria-roledescription=\"slide\" data-date=\"2015-08-20 13:48:25\"><img loading=\"lazy\" decoding=\"async\" src=\"https:\/\/www.easywake.ch\/wp-content\/uploads\/2015\/08\/20140401_170058-950x800.jpg\" height=\"800\" width=\"950\" alt=\"\" class=\"slider-454 slide-338 msDefaultImage\" \/><\/li>\n                <li style=\"display: none; width: 100%;\" class=\"slide-331 ms-image \" aria-roledescription=\"slide\" data-date=\"2015-08-20 13:48:11\"><img loading=\"lazy\" decoding=\"async\" src=\"https:\/\/www.easywake.ch\/wp-content\/uploads\/2015\/08\/20140906_133541-950x800.jpg\" height=\"800\" width=\"950\" alt=\"\" class=\"slider-454 slide-331 msDefaultImage\" \/><\/li>\n            <\/ul>\n        <\/div>\n        \n    <\/div>\n<\/div>\n","protected":false},"excerpt":{"rendered":"","protected":false},"author":1,"featured_media":0,"parent":0,"menu_order":0,"comment_status":"open","ping_status":"open","template":"galerie_photo.php","meta":{"footnotes":""},"class_list":["post-452","page","type-page","status-publish","hentry"],"_links":{"self":[{"href":"https:\/\/www.easywake.ch\/index.php?rest_route=\/wp\/v2\/pages\/452","targetHints":{"allow":["GET"]}}],"collection":[{"href":"https:\/\/www.easywake.ch\/index.php?rest_route=\/wp\/v2\/pages"}],"about":[{"href":"https:\/\/www.easywake.ch\/index.php?rest_route=\/wp\/v2\/types\/page"}],"author":[{"embeddable":true,"href":"https:\/\/www.easywake.ch\/index.php?rest_route=\/wp\/v2\/users\/1"}],"replies":[{"embeddable":true,"href":"https:\/\/www.easywake.ch\/index.php?rest_route=%2Fwp%2Fv2%2Fcomments&post=452"}],"version-history":[{"count":3,"href":"https:\/\/www.easywake.ch\/index.php?rest_route=\/wp\/v2\/pages\/452\/revisions"}],"predecessor-version":[{"id":486,"href":"https:\/\/www.easywake.ch\/index.php?rest_route=\/wp\/v2\/pages\/452\/revisions\/486"}],"wp:attachment":[{"href":"https:\/\/www.easywake.ch\/index.php?rest_route=%2Fwp%2Fv2%2Fmedia&parent=452"}],"curies":[{"name":"wp","href":"https:\/\/api.w.org\/{rel}","templated":true}]}}