{"id":472,"date":"2015-08-23T16:12:06","date_gmt":"2015-08-23T15:12:06","guid":{"rendered":"http:\/\/ateliers.nomades.ch\/~megevent\/wordpress_2015\/?page_id=472"},"modified":"2019-05-16T10:12:19","modified_gmt":"2019-05-16T09:12:19","slug":"menu-jquery-ui","status":"publish","type":"page","link":"https:\/\/www.easywake.ch\/?page_id=472","title":{"rendered":"Contact"},"content":{"rendered":"<p><img loading=\"lazy\" decoding=\"async\" class=\"alignnone wp-image-584 size-full\" src=\"http:\/\/www.easywake.ch\/wp-content\/uploads\/2016\/05\/Carte_Geneve_ZOOM-1.png\" alt=\"Carte_Geneve_ZOOM-1\" width=\"722\" height=\"368\"><\/p>\n<div class='content-column one_half'><strong>Easy Wake<\/strong> est ouvert du 1er mai au 15 octobre. Ensuite c&rsquo;est principalement la m\u00e9t\u00e9o qui d\u00e9cide de l&rsquo;ouverture ou pas de l&rsquo;association. N\u2019h\u00e9sitez pas \u00e0 nous contacter, de pr\u00e9f\u00e9rence par t\u00e9l\u00e9phone.<\/p><\/div>\n<p>&nbsp;<\/p>\n","protected":false},"excerpt":{"rendered":"<p>&nbsp;<\/p>\n","protected":false},"author":1,"featured_media":0,"parent":0,"menu_order":0,"comment_status":"open","ping_status":"open","template":"page_personnalise_V4.php","meta":{"footnotes":""},"class_list":["post-472","page","type-page","status-publish","hentry"],"_links":{"self":[{"href":"https:\/\/www.easywake.ch\/index.php?rest_route=\/wp\/v2\/pages\/472","targetHints":{"allow":["GET"]}}],"collection":[{"href":"https:\/\/www.easywake.ch\/index.php?rest_route=\/wp\/v2\/pages"}],"about":[{"href":"https:\/\/www.easywake.ch\/index.php?rest_route=\/wp\/v2\/types\/page"}],"author":[{"embeddable":true,"href":"https:\/\/www.easywake.ch\/index.php?rest_route=\/wp\/v2\/users\/1"}],"replies":[{"embeddable":true,"href":"https:\/\/www.easywake.ch\/index.php?rest_route=%2Fwp%2Fv2%2Fcomments&post=472"}],"version-history":[{"count":19,"href":"https:\/\/www.easywake.ch\/index.php?rest_route=\/wp\/v2\/pages\/472\/revisions"}],"predecessor-version":[{"id":887,"href":"https:\/\/www.easywake.ch\/index.php?rest_route=\/wp\/v2\/pages\/472\/revisions\/887"}],"wp:attachment":[{"href":"https:\/\/www.easywake.ch\/index.php?rest_route=%2Fwp%2Fv2%2Fmedia&parent=472"}],"curies":[{"name":"wp","href":"https:\/\/api.w.org\/{rel}","templated":true}]}}