{"id":558,"date":"2016-05-18T20:55:54","date_gmt":"2016-05-18T19:55:54","guid":{"rendered":"http:\/\/www.easywake.ch\/?page_id=558"},"modified":"2019-05-16T10:04:51","modified_gmt":"2019-05-16T09:04:51","slug":"statuts-du-club-easy-wake","status":"publish","type":"page","link":"https:\/\/www.easywake.ch\/?page_id=558","title":{"rendered":"Statuts <br>du club"},"content":{"rendered":"<div class='content-column one_half'><div class=\"reglement\">\n<h3>Statuts du club Easy Wake<\/h3>\n<p><strong>1. FORME JURIDIQUE ET SIEGE<\/strong><br \/>\n<em>Art. 1.1:<\/em> <strong>Easy Wake<\/strong> est une association \u00e0 but non lucratif r\u00e9gie par les articles 60 et suivants du Code civil suisse.<br \/>\n<em>Art. 1.2:<\/em> le si\u00e8ge social de l&rsquo;association se trouve \u00e0 Gen\u00e8ve.<\/p>\n<p><em>&nbsp;<\/em><\/p>\n<p><strong>2. BUT DE L\u2019ASSOCIATION<\/strong><br \/>\n<em>Art. 2.1:<\/em> l\u2019association a pour but de promouvoir les sports nautiques : wakeboard, wakesurf, ski nautique, etc.<\/p>\n<p><em>&nbsp;<\/em><\/p>\n<p><em><strong>3. MEMBRES<\/strong><br \/>\n<em>Art. 3.1:<\/em> sont admises comme membres toutes les personnes ayant pay\u00e9 leur cotisation annuelle.<br \/>\n<em>Art. 3.2:<\/em> par son adh\u00e9sion, chaque membre reconna\u00eet les statuts du club.<\/em><\/p>\n<p><em>&nbsp;<\/em><\/p>\n<p><em><strong>4. ORGANISATION<\/strong><br \/>\nLes organes de l\u2019association sont :<br \/>\n\u2022 l\u2019assembl\u00e9e g\u00e9n\u00e9rale<br \/>\n\u2022 le comit\u00e9<br \/>\n\u2022 les v\u00e9rificateurs de comptes<\/em><\/p>\n<p><em>&nbsp;<\/em><\/p>\n<p><em><strong>4A: l\u2019assembl\u00e9e g\u00e9n\u00e9rale<\/strong><br \/>\n<em>Art. 4.11:<\/em> l\u2019assembl\u00e9e g\u00e9n\u00e9rale est compos\u00e9e des membres de l\u2019association, chacun disposant d\u2019une seule voix.<br \/>\n<strong>Convocation<\/strong><br \/>\n<em>Art. 4.21:<\/em> l\u2019assembl\u00e9e g\u00e9n\u00e9rale ordinaire se r\u00e9unit au moins un fois par an, durant le premier semestre de l\u2019ann\u00e9e civile, sur convocation du comit\u00e9.<br \/>\n<em>Art. 4.22:<\/em> la convocation se fait par lettre comportant l\u2019ordre du jour, au moins 15 jours \u00e0 l\u2019avance.<br \/>\n<em>Art 4.23:<\/em> des assembl\u00e9es extraordinaires peuvent \u00eatre organis\u00e9es en tout temps \u00e0 l\u2019initiative du comit\u00e9 ou d\u2019un cinqui\u00e8me des membres.<br \/>\n<strong>Comp\u00e9tences<\/strong><br \/>\nL\u2019assembl\u00e9e g\u00e9n\u00e9rale est le pouvoir supr\u00eame de l\u2019association.<br \/>\nA ce titre, elle&nbsp;:<br \/>\n<em>Art. 4.31:<\/em> d\u00e9termine la politique g\u00e9n\u00e9rale ainsi que les principaux objectifs de l\u2019association.<br \/>\n<em>Art. 4.32:<\/em> \u00e9lit chaque ann\u00e9e le pr\u00e9sident, le secr\u00e9taire et le tr\u00e9sorier.<br \/>\n<em>Art. 4.33:<\/em> \u00e9lit les autres membres du comit\u00e9 le cas \u00e9ch\u00e9ant.<br \/>\n<em>Art. 4.34:<\/em> \u00e9lit les v\u00e9rificateurs des comptes.<br \/>\n<em>Art. 4.35:<\/em> approuve le budget et les comptes annuels et fixe le montant des cotisations.<br \/>\n<em>Art. 4.36:<\/em> approuve le rapport d\u2019activit\u00e9s.<br \/>\n<em>Art. 4.37:<\/em> d\u00e9cide de toute modification des statuts.<br \/>\n<em>Art. 4.38:<\/em> d\u00e9cide de l\u2019\u00e9ventuelle dissolution de l\u2019association.<br \/>\n<strong>Votations<\/strong><br \/>\n<em>Art. 4.41:<\/em> les d\u00e9cisions sont prises \u00e0 la majorit\u00e9 simple des membres pr\u00e9sents. En cas d\u2019\u00e9galit\u00e9 de voix, la voix du pr\u00e9sident de s\u00e9ance est d\u00e9terminante.<br \/>\n<em>Art<\/em>. 4.42 les modifications statutaires doivent \u00eatre d\u00e9cid\u00e9es et vot\u00e9es \u00e0 la majorit\u00e9 des 2\/3 des membres pr\u00e9sents.<\/em><\/p>\n<p><em>&nbsp;<\/em><\/p>\n<p><em><strong>4B: le comit\u00e9<\/strong><br \/>\n<em>Art. 4.51:<\/em> l\u2019administration de l\u2019association est confi\u00e9e au comit\u00e9 qui assure la gestion des avoirs et des projets de l\u2019association.<br \/>\n<em>Art. 4.52:<\/em> le comit\u00e9 est l\u2019organe ex\u00e9cutif de l\u2019association. Il est compos\u00e9 d\u2019au moins trois membres de l\u2019association, \u00e0 savoir, le pr\u00e9sident, le secr\u00e9taire et le tr\u00e9sorier.<br \/>\n<em>Art. 4.53:<\/em> le comit\u00e9 est \u00e9lu chaque ann\u00e9e par l\u2019assembl\u00e9e g\u00e9n\u00e9rale.<\/em><\/p>\n<p><em><strong>Comp\u00e9tences<\/strong><br \/>\n<em>Art. 4.61:<\/em> le comit\u00e9 prend toutes les d\u00e9cisions utiles au bon fonctionnement de l\u2019association. Il assume notamment les charges suivantes :<br \/>\n\u2022 conduite des affaires courantes de l\u2019association<br \/>\n\u2022 repr\u00e9sentation de l\u2019association vis-\u00e0-vis des tiers<br \/>\n\u2022 gestion du budget et des ressources de l\u2019association<br \/>\n\u2022 convocation des assembl\u00e9es g\u00e9n\u00e9rales<br \/>\n\u2022 veiller \u00e0 l\u2019application des statuts<br \/>\n<em>Art. 4.62:<\/em> les d\u00e9cisions du comit\u00e9 sont prises \u00e0 la majorit\u00e9 simple des membres pr\u00e9sents. Les abstentions ne sont pas prises en compte.<br \/>\n<em>Art. 4.63:<\/em> les membres du comit\u00e9 engagent l\u2019association par la signature collective \u00e0 deux dont au minimum la signature du pr\u00e9sident.<br \/>\n<em>Art. 4.64:<\/em> le tr\u00e9sorier g\u00e8re les finances de l\u2019association \u2028en tout temps, sur demande du pr\u00e9sident, le tr\u00e9sorier remettra tout document justificatif requis.<\/em><\/p>\n<p><em>&nbsp;<\/em><\/p>\n<p><em><strong>4C: organe de contr\u00f4le<\/strong><br \/>\n<em>Art. 4.71:<\/em> l\u2019assembl\u00e9e g\u00e9n\u00e9rale \u00e9lit deux v\u00e9rificateurs de comptes pour un an. Ceux-ci sont r\u00e9\u00e9ligibles. La v\u00e9rification des comptes de l\u2019association leur incombe. Ils pr\u00e9sentent le r\u00e9sultat de leur examen dans un rapport et une requ\u00eate est pr\u00e9sent\u00e9e \u00e0 l\u2019assembl\u00e9e g\u00e9n\u00e9rale.<\/em><\/p>\n<p><em>&nbsp;<\/em><\/p>\n<p><em><strong>5. RESSOURCES ET RESPONSABILIT\u00c9<\/strong><br \/>\n<em>Art. 5.11:<\/em> les ressources de l\u2019association comprennent :<br \/>\n\u2022 les cotisations des membres<br \/>\n\u2022 les frais du domaine d\u2019activit\u00e9 des sports nautiques tract\u00e9s<br \/>\n\u2022 les revenus de l\u2019organisation d\u2019\u00e9v\u00e9nements divers ainsi que le sponsoring<br \/>\n\u2022 les subventions priv\u00e9es et\/ou officielles<br \/>\nArt. 5.12: les membres du comit\u00e9 ne sont pas responsables personnellement des dettes sociales qui ne sont garanties que par l\u2019actif social de l\u2019association.<\/em><\/p>\n<p><em>&nbsp;<\/em><\/p>\n<p><em><strong>6. RATIFICATION<\/strong><br \/>\n<em>Art. 6.1:<\/em> en cas de dissolution, les avoirs de l\u2019association, une fois les comptes boucl\u00e9s, seront donn\u00e9s \u00e0 une association ou une fondation choisie par vote majoritaire de l\u2019assembl\u00e9e g\u00e9n\u00e9rale.<br \/>\n<em>Art. 6.2:<\/em> pour tout ce qui n\u2019est pas compris dans les pr\u00e9sents statuts, se r\u00e9f\u00e9rer aux articles 60 et suivants du Code civil suisse.<\/em><\/p>\n<p><em><em>&nbsp;<\/em><\/em><\/p>\n<p><em>Gen\u00e8ve, le 1er mai 2013<\/em><\/p>\n<p><em><em>&nbsp;<\/em><\/em><\/p>\n<p><em><strong>Pr\u00e9sident:<\/strong> Pascal van Leemput. Adresse: 11b chemin de Cressy 1213 Onex<br \/>\n<strong>Secr\u00e9taire:<\/strong> Christian Martinez<br \/>\n<strong>Tr\u00e9sorier:<\/strong> Olivier POUJOULAT<br \/><\/div><\/em><\/p>\n<p><em>&nbsp;<\/em><\/p>\n<\/div>\n","protected":false},"excerpt":{"rendered":"<p>&nbsp;<\/p>\n","protected":false},"author":1,"featured_media":0,"parent":0,"menu_order":0,"comment_status":"closed","ping_status":"closed","template":"page_personnalise_V3.php","meta":{"footnotes":""},"class_list":["post-558","page","type-page","status-publish","hentry"],"_links":{"self":[{"href":"https:\/\/www.easywake.ch\/index.php?rest_route=\/wp\/v2\/pages\/558","targetHints":{"allow":["GET"]}}],"collection":[{"href":"https:\/\/www.easywake.ch\/index.php?rest_route=\/wp\/v2\/pages"}],"about":[{"href":"https:\/\/www.easywake.ch\/index.php?rest_route=\/wp\/v2\/types\/page"}],"author":[{"embeddable":true,"href":"https:\/\/www.easywake.ch\/index.php?rest_route=\/wp\/v2\/users\/1"}],"replies":[{"embeddable":true,"href":"https:\/\/www.easywake.ch\/index.php?rest_route=%2Fwp%2Fv2%2Fcomments&post=558"}],"version-history":[{"count":39,"href":"https:\/\/www.easywake.ch\/index.php?rest_route=\/wp\/v2\/pages\/558\/revisions"}],"predecessor-version":[{"id":885,"href":"https:\/\/www.easywake.ch\/index.php?rest_route=\/wp\/v2\/pages\/558\/revisions\/885"}],"wp:attachment":[{"href":"https:\/\/www.easywake.ch\/index.php?rest_route=%2Fwp%2Fv2%2Fmedia&parent=558"}],"curies":[{"name":"wp","href":"https:\/\/api.w.org\/{rel}","templated":true}]}}