{"id":681,"date":"2016-05-24T14:47:14","date_gmt":"2016-05-24T13:47:14","guid":{"rendered":"http:\/\/www.easywake.ch\/?page_id=681"},"modified":"2016-05-24T16:29:48","modified_gmt":"2016-05-24T15:29:48","slug":"partenaires","status":"publish","type":"page","link":"https:\/\/www.easywake.ch\/?page_id=681","title":{"rendered":"Les Amis du Club"},"content":{"rendered":"<div class='content-column one_half'><p><img loading=\"lazy\" decoding=\"async\" class=\"alignleft wp-image-690 size-medium\" src=\"http:\/\/www.easywake.ch\/wp-content\/uploads\/2016\/05\/correctcraft-300x115.png\" alt=\"NAUTIQUE by Correct Craft\" width=\"300\" height=\"115\" srcset=\"https:\/\/www.easywake.ch\/wp-content\/uploads\/2016\/05\/correctcraft-300x115.png 300w, https:\/\/www.easywake.ch\/wp-content\/uploads\/2016\/05\/correctcraft.png 423w\" sizes=\"auto, (max-width: 300px) 100vw, 300px\" \/><\/p>\n<p><strong>Nautique by Correct Craft<\/strong><br \/>\n<a href=\"http:\/\/www.correctcraft.ch\" target=\"_blank\">www.correctcraft.ch<\/a><br \/>\nBateaux Correctcraft pour le ski nautique et le wakeboard ainsi que des bateaux d&rsquo;occasion, importateur depuis 1983.<\/p>\n<hr \/>\n<p>&nbsp;<\/p>\n<p><img loading=\"lazy\" decoding=\"async\" class=\"alignleft wp-image-692\" src=\"http:\/\/www.easywake.ch\/wp-content\/uploads\/2016\/05\/H2o_Sensation-300x210.png\" alt=\"H2o_Sensation\" width=\"260\" height=\"182\" srcset=\"https:\/\/www.easywake.ch\/wp-content\/uploads\/2016\/05\/H2o_Sensation-300x210.png 300w, https:\/\/www.easywake.ch\/wp-content\/uploads\/2016\/05\/H2o_Sensation.png 423w\" sizes=\"auto, (max-width: 260px) 100vw, 260px\" \/><\/p>\n<p>&nbsp;<\/p>\n<p><strong>H2O Sensations<\/strong><br \/>\n<a href=\"http:\/\/www.h2o-sensations.com\" target=\"_blank\">www.h2o-sensations.com<\/a><br \/>\nH2O Sensations &#8211; Online Shop &#8211; Bateaux Catamarans Acc\u00e9ssoires.<\/p>\n<hr \/>\n<p>&nbsp;<\/p>\n<p><img loading=\"lazy\" decoding=\"async\" class=\"alignleft wp-image-691 size-medium\" src=\"http:\/\/www.easywake.ch\/wp-content\/uploads\/2016\/05\/sup-geneve-stickers-300x146.png\" alt=\"sup-geneve-stickers\" width=\"300\" height=\"146\" srcset=\"https:\/\/www.easywake.ch\/wp-content\/uploads\/2016\/05\/sup-geneve-stickers-300x146.png 300w, https:\/\/www.easywake.ch\/wp-content\/uploads\/2016\/05\/sup-geneve-stickers.png 423w\" sizes=\"auto, (max-width: 300px) 100vw, 300px\" \/><\/p>\n<p>&nbsp;<\/p>\n<p><strong>SUP Gen\u00e8ve<\/strong><br \/>\n<a href=\"http:\/\/www.supgeneve.ch\" target=\"_blank\">www.supgeneve.ch<\/a><br \/>\nPremier Centre de Stand Up Paddle \u00e0 Gen\u00e8ve.<\/p>\n<hr \/>\n<p>&nbsp;<\/p>\n<p><img loading=\"lazy\" decoding=\"async\" class=\"alignleft wp-image-687 size-medium\" src=\"http:\/\/www.easywake.ch\/wp-content\/uploads\/2016\/05\/Mantap_Tshirt-300x96.png\" alt=\"Mantap_Tshirt\" width=\"300\" height=\"96\" srcset=\"https:\/\/www.easywake.ch\/wp-content\/uploads\/2016\/05\/Mantap_Tshirt-300x96.png 300w, https:\/\/www.easywake.ch\/wp-content\/uploads\/2016\/05\/Mantap_Tshirt.png 423w\" sizes=\"auto, (max-width: 300px) 100vw, 300px\" \/><\/p>\n<p>&nbsp;<\/p>\n<p><strong>Mantap Wakesurf<\/strong><br \/>\n<a href=\"http:\/\/www.mantap-wakesurf.com\" target=\"_blank\">www.mantap-wakesurf.com<\/a><br \/>\nMantap is a wakesurf brand who offer a full range of customized Boards, Traction Pads, Fins, Boardbag, and Clothes.<\/p>\n<hr \/>\n<p>&nbsp;<\/p>\n<p><img loading=\"lazy\" decoding=\"async\" class=\"alignnone wp-image-697 size-medium\" src=\"http:\/\/www.easywake.ch\/wp-content\/uploads\/2016\/05\/black-revolt-walesurf-carre-300x132.jpg\" alt=\"black-revolt-walesurf-carre\" width=\"300\" height=\"132\" srcset=\"https:\/\/www.easywake.ch\/wp-content\/uploads\/2016\/05\/black-revolt-walesurf-carre-300x132.jpg 300w, https:\/\/www.easywake.ch\/wp-content\/uploads\/2016\/05\/black-revolt-walesurf-carre.jpg 423w\" sizes=\"auto, (max-width: 300px) 100vw, 300px\" \/><\/p>\n<p>&nbsp;<\/p>\n<p><strong>Black Revolt Premium Custom Wakesurf Boards<\/strong><br \/>\n<a href=\"http:\/\/www.blackrevolt.com\" target=\"_blank\">www.blackrevolt.com<\/a><br \/>\nBlack Revolt Wakesurf manufactures handmade premium custom wakesurf boards in France.<\/p>\n<hr \/>\n<p>&nbsp;<\/p>\n<p><img loading=\"lazy\" decoding=\"async\" class=\"alignnone size-medium wp-image-688\" src=\"http:\/\/www.easywake.ch\/wp-content\/uploads\/2016\/05\/Monoloco-300x77.png\" alt=\"Monoloco\" width=\"300\" height=\"77\" srcset=\"https:\/\/www.easywake.ch\/wp-content\/uploads\/2016\/05\/Monoloco-300x77.png 300w, https:\/\/www.easywake.ch\/wp-content\/uploads\/2016\/05\/Monoloco.png 423w\" sizes=\"auto, (max-width: 300px) 100vw, 300px\" \/><\/p>\n<p><strong>Monoloco<\/strong><br \/>\n<a href=\"http:\/\/www.monoloco.ch\" target=\"_blank\">www.monoloco.ch<\/a><br \/>\nMonoloco, productions web and multimedia.<\/p>\n<hr \/>\n<p>&nbsp;<\/p>\n<p><img loading=\"lazy\" decoding=\"async\" class=\"alignnone size-medium wp-image-686\" src=\"http:\/\/www.easywake.ch\/wp-content\/uploads\/2016\/05\/Le_Reposoir-300x210.jpg\" alt=\"Le_Reposoir\" width=\"300\" height=\"210\" srcset=\"https:\/\/www.easywake.ch\/wp-content\/uploads\/2016\/05\/Le_Reposoir-300x210.jpg 300w, https:\/\/www.easywake.ch\/wp-content\/uploads\/2016\/05\/Le_Reposoir.jpg 423w\" sizes=\"auto, (max-width: 300px) 100vw, 300px\" \/><\/p>\n<p>&nbsp;<\/p>\n<p><strong>Le Reposoir<\/strong><br \/>\n<a href=\"http:\/\/www.restaurantreposoir.ch\" target=\"_blank\">www.restaurantreposoir.ch<\/a><br \/>\nLe Restaurant et Bar de la Plage du Reposoir est un restaurant convivial dans un cadre magnifique. Situ\u00e9 sur les rives du lac, face au Mont Blanc<\/p>\n<hr \/>\n<p>&nbsp;<\/p>\n<p><img loading=\"lazy\" decoding=\"async\" class=\"alignnone size-medium wp-image-689\" src=\"http:\/\/www.easywake.ch\/wp-content\/uploads\/2016\/05\/GVA_Wake_Tour-300x210.png\" alt=\"GVA_Wake_Tour\" width=\"300\" height=\"210\" srcset=\"https:\/\/www.easywake.ch\/wp-content\/uploads\/2016\/05\/GVA_Wake_Tour-300x210.png 300w, https:\/\/www.easywake.ch\/wp-content\/uploads\/2016\/05\/GVA_Wake_Tour.png 423w\" sizes=\"auto, (max-width: 300px) 100vw, 300px\" \/><\/p>\n<p>&nbsp;<\/p>\n<p><strong>GVA Wakesurf Tour<\/strong><br \/>\n<a href=\"http:\/\/www.gvawakesurftour.ch\" target=\"_blank\">www.gvawakesurftour.ch<\/a><br \/>\nApr\u00e8s 8 ans d&rsquo;existence, le GVA Wakesurf Tour a \u00e9t\u00e9 reconnu en 2015 comme \u00e9tape qualificative pour les World WakeSurfing Championship.<br \/><\/div>\n","protected":false},"excerpt":{"rendered":"","protected":false},"author":1,"featured_media":0,"parent":0,"menu_order":0,"comment_status":"closed","ping_status":"closed","template":"page_personnalise_V3.php","meta":{"footnotes":""},"class_list":["post-681","page","type-page","status-publish","hentry"],"_links":{"self":[{"href":"https:\/\/www.easywake.ch\/index.php?rest_route=\/wp\/v2\/pages\/681","targetHints":{"allow":["GET"]}}],"collection":[{"href":"https:\/\/www.easywake.ch\/index.php?rest_route=\/wp\/v2\/pages"}],"about":[{"href":"https:\/\/www.easywake.ch\/index.php?rest_route=\/wp\/v2\/types\/page"}],"author":[{"embeddable":true,"href":"https:\/\/www.easywake.ch\/index.php?rest_route=\/wp\/v2\/users\/1"}],"replies":[{"embeddable":true,"href":"https:\/\/www.easywake.ch\/index.php?rest_route=%2Fwp%2Fv2%2Fcomments&post=681"}],"version-history":[{"count":21,"href":"https:\/\/www.easywake.ch\/index.php?rest_route=\/wp\/v2\/pages\/681\/revisions"}],"predecessor-version":[{"id":711,"href":"https:\/\/www.easywake.ch\/index.php?rest_route=\/wp\/v2\/pages\/681\/revisions\/711"}],"wp:attachment":[{"href":"https:\/\/www.easywake.ch\/index.php?rest_route=%2Fwp%2Fv2%2Fmedia&parent=681"}],"curies":[{"name":"wp","href":"https:\/\/api.w.org\/{rel}","templated":true}]}}