{"id":69,"date":"2015-08-15T14:35:50","date_gmt":"2015-08-15T13:35:50","guid":{"rendered":"http:\/\/ateliers.nomades.ch\/~megevent\/wordpress_2015\/?page_id=69"},"modified":"2022-07-05T10:16:53","modified_gmt":"2022-07-05T09:16:53","slug":"a-propos-du-club-modele-par-defaut","status":"publish","type":"page","link":"https:\/\/www.easywake.ch\/?page_id=69","title":{"rendered":"A propos du club"},"content":{"rendered":"<p>L\u2019Association <strong>EasyWake<\/strong> s\u2019est donn\u00e9e pour but de permettre la pratique des sports nautiques et d\u2019assurer leur encadrement dans un esprit convivial.<\/p>\n<p>&nbsp;<\/p>\n<p><strong>EasyWake<\/strong> est membre de la f\u00e9d\u00e9ration suisse de Wake-Board. Disposant d\u2019un \u00e9quipement de derni\u00e8re g\u00e9n\u00e9ration.<\/p>\n<p>&nbsp;<\/p>\n<p><strong>EasyWake<\/strong> fournit des prestations \u00e0 la hauteur de ses engagements.<\/p>\n","protected":false},"excerpt":{"rendered":"<p>L\u2019Association EasyWake s\u2019est donn\u00e9e pour but de permettre la pratique des sports nautiques et d\u2019assurer leur encadrement dans un esprit [&hellip;]<\/p>\n","protected":false},"author":1,"featured_media":312,"parent":0,"menu_order":0,"comment_status":"open","ping_status":"open","template":"page_personnalise_V2.php","meta":{"footnotes":""},"class_list":["post-69","page","type-page","status-publish","has-post-thumbnail","hentry"],"_links":{"self":[{"href":"https:\/\/www.easywake.ch\/index.php?rest_route=\/wp\/v2\/pages\/69","targetHints":{"allow":["GET"]}}],"collection":[{"href":"https:\/\/www.easywake.ch\/index.php?rest_route=\/wp\/v2\/pages"}],"about":[{"href":"https:\/\/www.easywake.ch\/index.php?rest_route=\/wp\/v2\/types\/page"}],"author":[{"embeddable":true,"href":"https:\/\/www.easywake.ch\/index.php?rest_route=\/wp\/v2\/users\/1"}],"replies":[{"embeddable":true,"href":"https:\/\/www.easywake.ch\/index.php?rest_route=%2Fwp%2Fv2%2Fcomments&post=69"}],"version-history":[{"count":18,"href":"https:\/\/www.easywake.ch\/index.php?rest_route=\/wp\/v2\/pages\/69\/revisions"}],"predecessor-version":[{"id":1002,"href":"https:\/\/www.easywake.ch\/index.php?rest_route=\/wp\/v2\/pages\/69\/revisions\/1002"}],"wp:featuredmedia":[{"embeddable":true,"href":"https:\/\/www.easywake.ch\/index.php?rest_route=\/wp\/v2\/media\/312"}],"wp:attachment":[{"href":"https:\/\/www.easywake.ch\/index.php?rest_route=%2Fwp%2Fv2%2Fmedia&parent=69"}],"curies":[{"name":"wp","href":"https:\/\/api.w.org\/{rel}","templated":true}]}}